{"id":1422,"date":"2025-07-09T15:28:43","date_gmt":"2025-07-09T06:28:43","guid":{"rendered":"https:\/\/www.hb-jp.com\/?page_id=1422"},"modified":"2025-07-10T17:33:31","modified_gmt":"2025-07-10T08:33:31","slug":"%e5%a3%b2%e5%a0%b4%e3%81%a5%e3%81%8f%e3%82%8a%e3%81%ae%e3%81%94%e6%8f%90%e6%a1%88","status":"publish","type":"page","link":"https:\/\/www.hb-jp.com\/?page_id=1422","title":{"rendered":"\u58f2\u5834\u3065\u304f\u308a\u306e\u3054\u63d0\u6848"},"content":{"rendered":"\n<h2 class=\"wp-block-heading\"><strong>\u65b0\u898f\u8cfc\u8cb7\u5c64 \uff1d \u5728\u7559\u5916\u56fd\u4eba \u3092\u53d6\u308a\u8fbc\u3080\u58f2\u5834\u3065\u304f\u308a<\/strong><\/h2>\n\n\n\n<div class=\"wp-block-media-text is-stacked-on-mobile\" style=\"grid-template-columns:27% auto\"><figure class=\"wp-block-media-text__media\"><img loading=\"lazy\" decoding=\"async\" width=\"800\" height=\"610\" src=\"https:\/\/www.hb-jp.com\/wp-content\/uploads\/2025\/07\/sozai_image_250585.jpg\" alt=\"\" class=\"wp-image-1423 size-full\" srcset=\"https:\/\/www.hb-jp.com\/wp-content\/uploads\/2025\/07\/sozai_image_250585.jpg 800w, https:\/\/www.hb-jp.com\/wp-content\/uploads\/2025\/07\/sozai_image_250585-300x229.jpg 300w, https:\/\/www.hb-jp.com\/wp-content\/uploads\/2025\/07\/sozai_image_250585-768x586.jpg 768w\" sizes=\"auto, (max-width: 800px) 100vw, 800px\" \/><\/figure><div class=\"wp-block-media-text__content\">\n<p style=\"font-size:24px\">\u5f0a\u793e\u3067\u306f\u3001\u300c\u65b0\u305f\u306a\u8cfc\u8cb7\u5c64 \uff1d \u5728\u7559\u5916\u56fd\u4eba\u300d\u306b\u5411\u3051\u305f\u58f2\u5834<br>\u3065\u304f\u308a\u306e\u304a\u624b\u4f1d\u3044\u3092\u3055\u305b\u3066\u3044\u305f\u3060\u3044\u3066\u304a\u308a\u307e\u3059\u3002<\/p>\n\n\n\n<p style=\"font-size:24px\">\u7956\u56fd\u3092\u96e2\u308c\u3066\u50cd\u304f\u5916\u56fd\u306e\u65b9\u3005\u304c\u6163\u308c\u89aa\u3057\u3093\u3060\u666e\u6bb5\u4f7f\u3044\u306e<br>\u30d6\u30e9\u30f3\u30c9\u3092\u9078\u3073\u3001\u65e5\u672c\u8a9e\u304c\u3067\u304d\u306a\u3044\u5916\u56fd\u306e\u65b9\u3067\u3082\u308f\u304b\u308a<br>\u3084\u3059\u3044\u72ec\u7acb\u3057\u305f\u58f2\u5834\u3092\u3001\u5546\u54c1\u3084\u68da\u5272\u3092\u30d1\u30c3\u30b1\u30fc\u30b8\u3067\u3054\u63d0\u6848<br>\u3055\u305b\u3066\u3044\u305f\u3060\u304d\u307e\u3059\u3002<\/p>\n<\/div><\/div>\n\n\n\n<p><strong>\u4e0b\u6bb5\u30d5\u30a9\u30fc\u30e0\u304b\u3089\u304a\u6c17\u8efd\u306b\u304a\u554f\u3044\u5408\u308f\u305b\u304f\u3060\u3055\u3044\u3002<\/strong><br><strong>\u304a\u554f\u3044\u5408\u308f\u305b\u53d7\u3051\u4ed8\u3051\u6b21\u7b2c\u3001\u62c5\u5f53\u55b6\u696d\u3088\u308a\u6298\u308a\u8fd4\u3057\u3054\u9023\u7d61\u3055\u305b\u3066\u3044\u305f\u3060\u304d\u307e\u3059\u3002<\/strong><br><strong>\u30e1\u30fc\u30eb\u3001\u304a\u96fb\u8a71\u3067\u3082\u53d7\u3051\u4ed8\u3051\u3066\u304a\u308a\u307e\u3059\u3002\u3000\u3000\u30e1\u30fc\u30eb\u30a2\u30c9\u30ec\u30b9\uff1a<strong>contact_us@hb-jp.com<\/strong>\u3000\u96fb\u8a71\u756a\u53f7\uff1a0436-37-5986<\/strong><\/p>\n\n\n\n<h2 class=\"wp-block-heading\" style=\"font-size:20px\">\u68da\u5272\u306e\u4e00\u4f8b\uff09\u4e3b\u98df\u3001\u8abf\u5473\u6599\u3001\u55dc\u597d\u54c1\u3001\u83d3\u5b50\u306a\u3069\u3001\u5404\u56fd\u3067\u6163\u308c\u89aa\u3057\u307e\u308c\u308b\u666e\u6bb5\u4f7f\u3044\u306e\u30d6\u30e9\u30f3\u30c9\u3092\u5c55\u958b<\/h2>\n\n\n\n<figure class=\"wp-block-image size-large\"><img loading=\"lazy\" decoding=\"async\" width=\"1024\" height=\"911\" src=\"https:\/\/www.hb-jp.com\/wp-content\/uploads\/2025\/07\/8902ebf6fbe902e17a3a7894f0e35d12-1024x911.jpg\" alt=\"\" class=\"wp-image-1427\" srcset=\"https:\/\/www.hb-jp.com\/wp-content\/uploads\/2025\/07\/8902ebf6fbe902e17a3a7894f0e35d12-1024x911.jpg 1024w, https:\/\/www.hb-jp.com\/wp-content\/uploads\/2025\/07\/8902ebf6fbe902e17a3a7894f0e35d12-300x267.jpg 300w, https:\/\/www.hb-jp.com\/wp-content\/uploads\/2025\/07\/8902ebf6fbe902e17a3a7894f0e35d12-768x683.jpg 768w, https:\/\/www.hb-jp.com\/wp-content\/uploads\/2025\/07\/8902ebf6fbe902e17a3a7894f0e35d12-1536x1366.jpg 1536w, https:\/\/www.hb-jp.com\/wp-content\/uploads\/2025\/07\/8902ebf6fbe902e17a3a7894f0e35d12.jpg 2000w\" sizes=\"auto, (max-width: 1024px) 100vw, 1024px\" \/><\/figure>\n\n\n\n<div class=\"wp-block-vk-blocks-spacer vk_spacer vk_spacer-type-margin-top vk_block-margin-md--margin-top\"><div class=\"vk_block-margin-md--margin-top\"><\/div><\/div>\n\n\n\n<h2 class=\"wp-block-heading\" style=\"font-size:20px\">\u304a\u554f\u3044\u5408\u308f\u305b\u306f\u3053\u3061\u3089\u304b\u3089<\/h2>\n\n\n\n<div class=\"wpcf7 no-js\" id=\"wpcf7-f351-o1\" lang=\"ja\" dir=\"ltr\" data-wpcf7-id=\"351\">\n<div class=\"screen-reader-response\"><p role=\"status\" aria-live=\"polite\" aria-atomic=\"true\"><\/p> <ul><\/ul><\/div>\n<form action=\"\/index.php?rest_route=%2Fwp%2Fv2%2Fpages%2F1422#wpcf7-f351-o1\" method=\"post\" class=\"wpcf7-form init\" aria-label=\"\u30b3\u30f3\u30bf\u30af\u30c8\u30d5\u30a9\u30fc\u30e0\" novalidate=\"novalidate\" data-status=\"init\">\n<fieldset class=\"hidden-fields-container\"><input type=\"hidden\" name=\"_wpcf7\" value=\"351\" \/><input type=\"hidden\" name=\"_wpcf7_version\" value=\"6.1.5\" \/><input type=\"hidden\" name=\"_wpcf7_locale\" value=\"ja\" \/><input type=\"hidden\" name=\"_wpcf7_unit_tag\" value=\"wpcf7-f351-o1\" \/><input type=\"hidden\" name=\"_wpcf7_container_post\" value=\"0\" \/><input type=\"hidden\" name=\"_wpcf7_posted_data_hash\" value=\"\" \/>\n<\/fieldset>\n<p><label> \u304a\u540d\u524d (\u5fc5\u9808)<br \/>\n<span class=\"wpcf7-form-control-wrap\" data-name=\"your-name\"><input size=\"40\" maxlength=\"400\" class=\"wpcf7-form-control wpcf7-text wpcf7-validates-as-required\" aria-required=\"true\" aria-invalid=\"false\" value=\"\" type=\"text\" name=\"your-name\" \/><\/span> <\/label>\n<\/p>\n<p><label> \u30e1\u30fc\u30eb\u30a2\u30c9\u30ec\u30b9 (\u5fc5\u9808)<br \/>\n<span class=\"wpcf7-form-control-wrap\" data-name=\"your-email\"><input size=\"40\" maxlength=\"400\" class=\"wpcf7-form-control wpcf7-email wpcf7-validates-as-required wpcf7-text wpcf7-validates-as-email\" aria-required=\"true\" aria-invalid=\"false\" value=\"\" type=\"email\" name=\"your-email\" \/><\/span> <\/label>\n<\/p>\n<p><label> \u984c\u540d<br \/>\n<span class=\"wpcf7-form-control-wrap\" data-name=\"your-subject\"><input size=\"40\" maxlength=\"400\" class=\"wpcf7-form-control wpcf7-text\" aria-invalid=\"false\" value=\"\" type=\"text\" name=\"your-subject\" \/><\/span> <\/label>\n<\/p>\n<p><label> \u30e1\u30c3\u30bb\u30fc\u30b8\u672c\u6587<br \/>\n\u304a\u554f\u3044\u5408\u308f\u305b\u5185\u5bb9\u3068\u5408\u308f\u305b\u3066\u3001\u3054\u5e0c\u671b\u306e\u9023\u7d61\u65b9\u6cd5\u3092\u3053\u3061\u3089\u306b\u3054\u8a18\u5165\u304f\u3060\u3055\u3044\u3002<br \/>\n\u4f8b\uff1a\u30fb\u30e1\u30fc\u30eb\u3067\u306e\u8fd4\u4fe1\u5e0c\u671b<br \/>\n\u3000\u3000\u30fb\u3007\u6708\u3007\u65e5\u3007\u66dc\u65e5\u3000\u25b3\u6642\uff5e\u25b3\u6642\u306e\u9593\u3067\u96fb\u8a71\u5e0c\u671b\u3000\u96fb\u8a71\u756a\u53f7\u3000\u25cf\u25cf\u25cf-\u25b2\u25b2\u25b2\u25b2-\u00d7\u00d7\u00d7\u00d7\u3000\u306a\u3069<br \/>\n<span class=\"wpcf7-form-control-wrap\" data-name=\"your-message\"><textarea cols=\"40\" rows=\"10\" maxlength=\"2000\" class=\"wpcf7-form-control wpcf7-textarea\" aria-invalid=\"false\" name=\"your-message\"><\/textarea><\/span> <\/label>\n<\/p>\n<p><input class=\"wpcf7-form-control wpcf7-submit has-spinner\" type=\"submit\" value=\"\u9001\u4fe1\" \/>\n<\/p><p style=\"display: none !important;\" class=\"akismet-fields-container\" data-prefix=\"_wpcf7_ak_\"><label>&#916;<textarea name=\"_wpcf7_ak_hp_textarea\" cols=\"45\" rows=\"8\" maxlength=\"100\"><\/textarea><\/label><input type=\"hidden\" id=\"ak_js_1\" name=\"_wpcf7_ak_js\" value=\"171\"\/><script>document.getElementById( \"ak_js_1\" ).setAttribute( \"value\", ( new Date() ).getTime() );<\/script><\/p><div class=\"wpcf7-response-output\" aria-hidden=\"true\"><\/div>\n<\/form>\n<\/div>\n\n\n\n\n<p><\/p>\n","protected":false},"excerpt":{"rendered":"<p>\u65b0\u898f\u8cfc\u8cb7\u5c64 \uff1d \u5728\u7559\u5916\u56fd\u4eba \u3092\u53d6\u308a\u8fbc\u3080\u58f2\u5834\u3065\u304f\u308a \u5f0a\u793e\u3067\u306f\u3001\u300c\u65b0\u305f\u306a\u8cfc\u8cb7\u5c64 \uff1d \u5728\u7559\u5916\u56fd\u4eba\u300d\u306b\u5411\u3051\u305f\u58f2\u5834\u3065\u304f\u308a\u306e\u304a\u624b\u4f1d\u3044\u3092\u3055\u305b\u3066\u3044\u305f\u3060\u3044\u3066\u304a\u308a\u307e\u3059\u3002 \u7956\u56fd\u3092\u96e2\u308c\u3066\u50cd\u304f\u5916\u56fd\u306e\u65b9\u3005\u304c\u6163\u308c\u89aa\u3057\u3093\u3060\u666e\u6bb5\u4f7f\u3044\u306e\u30d6\u30e9\u30f3\u30c9\u3092\u9078\u3073\u3001\u65e5\u672c [&hellip;]<\/p>\n","protected":false},"author":1,"featured_media":0,"parent":0,"menu_order":0,"comment_status":"closed","ping_status":"closed","template":"","meta":{"vkexunit_cta_each_option":"","footnotes":""},"class_list":["post-1422","page","type-page","status-publish","hentry"],"_links":{"self":[{"href":"https:\/\/www.hb-jp.com\/index.php?rest_route=\/wp\/v2\/pages\/1422","targetHints":{"allow":["GET"]}}],"collection":[{"href":"https:\/\/www.hb-jp.com\/index.php?rest_route=\/wp\/v2\/pages"}],"about":[{"href":"https:\/\/www.hb-jp.com\/index.php?rest_route=\/wp\/v2\/types\/page"}],"author":[{"embeddable":true,"href":"https:\/\/www.hb-jp.com\/index.php?rest_route=\/wp\/v2\/users\/1"}],"replies":[{"embeddable":true,"href":"https:\/\/www.hb-jp.com\/index.php?rest_route=%2Fwp%2Fv2%2Fcomments&post=1422"}],"version-history":[{"count":9,"href":"https:\/\/www.hb-jp.com\/index.php?rest_route=\/wp\/v2\/pages\/1422\/revisions"}],"predecessor-version":[{"id":1631,"href":"https:\/\/www.hb-jp.com\/index.php?rest_route=\/wp\/v2\/pages\/1422\/revisions\/1631"}],"wp:attachment":[{"href":"https:\/\/www.hb-jp.com\/index.php?rest_route=%2Fwp%2Fv2%2Fmedia&parent=1422"}],"curies":[{"name":"wp","href":"https:\/\/api.w.org\/{rel}","templated":true}]}}